{"id":174,"date":"2025-03-02T08:30:40","date_gmt":"2025-03-02T07:30:40","guid":{"rendered":"https:\/\/henrysandkuhle.de\/?page_id=174"},"modified":"2025-03-08T16:47:07","modified_gmt":"2025-03-08T15:47:07","slug":"sitemap","status":"publish","type":"page","link":"https:\/\/henrysandkuhle.com\/es\/sitemap\/","title":{"rendered":"Mapa del sitio"},"content":{"rendered":"Actual\">Actual<\/a><\/li>\n\t<li class=\"post-item post-item-30\"><a href=\"https:\/\/henrysandkuhle.com\/es\/therapiegebiete\/\" title=\"\u00c1reas de terapia\">\u00c1reas de terapia<\/a><\/li>\n\t<li class=\"post-item post-item-235\"><a href=\"https:\/\/henrysandkuhle.com\/es\/anamnese\/\" title=\"An\u00e1lisis del Caballo\">An\u00e1lisis del Caballo<\/a><\/li>\n\t<li class=\"post-item post-item-1\"><a href=\"https:\/\/henrysandkuhle.com\/es\/philosophie\/\" title=\"Filosof\u00eda\">Filosof\u00eda<\/a><\/li>\n\t<li class=\"post-item post-item-26\"><a href=\"https:\/\/henrysandkuhle.com\/es\/psychotherapie\/\" title=\"Psicoter\u00e1pia\">Psicoter\u00e1pia<\/a><\/li>\n\t<li class=\"post-item post-item-32\"><a href=\"https:\/\/henrysandkuhle.com\/es\/seminare\/\" title=\"el Seminario\">el Seminario<\/a><\/li>\n\t<li class=\"post-item post-item-38\"><a href=\"https:\/\/henrysandkuhle.com\/es\/portfolio\/\" title=\"Portafolio\">Portafolio<\/a><\/li>\n\t<li class=\"post-item post-item-379\"><a href=\"https:\/\/henrysandkuhle.com\/es\/pagelist\/\" title=\"Lista de p\u00e1ginas\">Lista de p\u00e1ginas<\/a><\/li>\n<\/ul>\n<\/li>\n<li class=\"page_item page-item-586 current_page_parent\"><a href=\"https:\/\/henrysandkuhle.com\/es\/neueste-beitraege\/\">Noticias del blog<\/a><\/li>\n<li class=\"page_item page-item-42\"><a href=\"https:\/\/henrysandkuhle.com\/es\/kontakt\/\">Contacto<\/a><\/li>\n<li class=\"page_item page-item-20\"><a href=\"https:\/\/henrysandkuhle.com\/es\/impressum\/\">Impreso<\/a><\/li>\n<li class=\"page_item page-item-174\"><a href=\"https:\/\/henrysandkuhle.com\/es\/sitemap\/\">Mapa del sitio<\/a><\/li>\n<li class=\"page_item page-item-286\"><a href=\"https:\/\/henrysandkuhle.com\/es\/hyperlinks\/\">Hiperv\u00ednculos<\/a><\/li>\n<li class=\"page_item page-item-454\"><a href=\"https:\/\/henrysandkuhle.com\/es\/disclaimer\/\">Renuncia<\/a><\/li>\n<li class=\"page_item page-item-3\"><a href=\"https:\/\/henrysandkuhle.com\/es\/datenschutzerklaerung\/\">Pol\u00edtica de privacidad (GDPR)<\/a><\/li>\n<li class=\"page_item page-item-22\"><a href=\"https:\/\/henrysandkuhle.com\/es\/cookie-policy\/\">Cookie Policy<\/a><\/li>\n<\/ul>\n<\/p>\n<p><a href=\"https:\/\/henry-sandkuhle.business.site\/\" title=\"business\" rel=\"noopener\" target=\"_blank\"><\/a>Nuestro mapa del sitio le proporciona una descripci\u00f3n general de todos los temas y subcomatorios del sitio web.<\/p>\n<p><a href=\"\/events\/\" title=\"Events\">Events<\/a><br \/>\n<!-- SITEMAP CONTENT REPLACE POINT -->","protected":false},"excerpt":{"rendered":"<p>Actual\u00bb>Actual \u00c1reas de terapia An\u00e1lisis del Caballo Filosof\u00eda Psicoter\u00e1pia el Seminario Portafolio Lista de p\u00e1ginas Noticias del blog Contacto Impreso Mapa del sitio Hiperv\u00ednculos Renuncia Pol\u00edtica de privacidad (GDPR) Cookie Policy Nuestro mapa del sitio le proporciona una descripci\u00f3n general de todos los temas y subcomatorios del sitio web. Events<\/p>\n","protected":false},"author":1,"featured_media":0,"parent":0,"menu_order":4,"comment_status":"closed","ping_status":"closed","template":"","meta":{"footnotes":""},"class_list":["post-174","page","type-page","status-publish","hentry","gallery-content-unit"],"aioseo_notices":[],"_links":{"self":[{"href":"https:\/\/henrysandkuhle.com\/es\/wp-json\/wp\/v2\/pages\/174","targetHints":{"allow":["GET"]}}],"collection":[{"href":"https:\/\/henrysandkuhle.com\/es\/wp-json\/wp\/v2\/pages"}],"about":[{"href":"https:\/\/henrysandkuhle.com\/es\/wp-json\/wp\/v2\/types\/page"}],"author":[{"embeddable":true,"href":"https:\/\/henrysandkuhle.com\/es\/wp-json\/wp\/v2\/users\/1"}],"replies":[{"embeddable":true,"href":"https:\/\/henrysandkuhle.com\/es\/wp-json\/wp\/v2\/comments?post=174"}],"version-history":[{"count":0,"href":"https:\/\/henrysandkuhle.com\/es\/wp-json\/wp\/v2\/pages\/174\/revisions"}],"wp:attachment":[{"href":"https:\/\/henrysandkuhle.com\/es\/wp-json\/wp\/v2\/media?parent=174"}],"curies":[{"name":"wp","href":"https:\/\/api.w.org\/{rel}","templated":true}]}}