{"id":2,"date":"2026-02-02T09:30:42","date_gmt":"2026-02-02T08:30:42","guid":{"rendered":"http:\/\/henrysandkuhle.com\/?page_id=2"},"modified":"2026-02-04T16:46:15","modified_gmt":"2026-02-04T15:46:15","slug":"pferdetherapeut-henry-sandkuhle","status":"publish","type":"page","link":"https:\/\/henrysandkuhle.com\/es\/","title":{"rendered":"Equinoterapia Henry Sandkuhle para problemas equinos"},"content":{"rendered":"<h4>Henry Sandkuhle es un terapeuta equino internacional<\/h4>\n<p>que ha trabajado con m\u00e1s de 1000 caballos. Dado que visita casi todos los caballos individualmente, probablemente solo hay pocas personas que han conocido tantos caballos en su entorno de forma tan intensiva como Henry.<\/p>\n<p>Entren\u00f3 caballos en salto y doma cl\u00e1sica hasta altos niveles y fue juez en competiciones de doma cl\u00e1sica. A trav\u00e9s de su formaci\u00f3n como profesor de yoga en la India, surgi\u00f3 el deseo de acercarse a los caballos de una manera diferente. Para comprender a\u00fan mejor la naturaleza de los caballos, acompa\u00f1\u00f3 una manada de caballos salvajes en los Urales.<\/p>\n<p>Si est\u00e1 interesado en una capacitaci\u00f3n o desea ver, comun\u00edquese con nosotros en la oficina o env\u00edenos un formulario en contacto:<br \/>\n<strong>Env\u00edenos un correo electr\u00f3nico:<\/strong> <a href=\"&#x6d;&#x61;&#x69;&#108;&#116;o:&#x69;&#x6e;&#x66;&#x6f;&#64;&#104;en&#x72;&#x79;&#x73;&#97;&#110;&#100;ku&#x68;&#x6c;&#x65;&#46;&#100;e\">i&#110;&#102;&#x6f;&#x40;h&#101;&#110;&#x72;&#x79;&#x73;a&#110;&#100;&#x6b;&#x75;hl&#101;&#x2e;&#x64;&#x65;<\/a> Henry se pondr\u00e1 en contacto con usted.<\/p>\n<p><strong>CONSULTA TELEF\u00d3NICA GRATUITA<\/strong><br \/>\nSi tiene problemas espec\u00edficos con su caballo, Henry le da consejos gratuitos los viernes de 7 a 8 pm. Fuera de Alemania s\u00f3lo disponible a trav\u00e9s de Whatsapp.<\/p>\n<p><strong>Env\u00ede un e-mail con la siguiente informaci\u00f3n:<\/strong><br \/>\n\u2022 Nombre y tel\u00e9fono<br \/>\n\u2022 Edad del caballo<br \/>\n\u2022 \u00bfCu\u00e1nto tiempo lleva el caballo contigo?<br \/>\n\u2022 Raza \/ G\u00e9nero<br \/>\n\u2022 Tema de conversaci\u00f3n<br \/>\nHenry se pondr\u00e1 en contacto contigo.<\/p>\n<p>At eye level with the horses. In a short time he playfully develops an atmosphere where he invites the horses to relax near him. He radiates a unique calm, security and confidence. Connections that remain hidden to many because he looks at the horse as a whole, every little detail, be it in the course of movement, in breathing or elsewhere, has a meaning. He usually over-learns symptoms such as panic, aggression, apathy, biting, impulsiveness, etc. in a few days, which does not require long periods of trust building.<\/p>\n\n\t\t<style type=\"text\/css\">\n\t\t\t#gallery-3 {\n\t\t\t\tmargin: auto;\n\t\t\t}\n\t\t\t#gallery-3 .gallery-item {\n\t\t\t\tfloat: left;\n\t\t\t\tmargin-top: 10px;\n\t\t\t\ttext-align: center;\n\t\t\t\twidth: 20%;\n\t\t\t}\n\t\t\t#gallery-3 img {\n\t\t\t\tborder: 2px solid #cfcfcf;\n\t\t\t}\n\t\t\t#gallery-3 .gallery-caption {\n\t\t\t\tmargin-left: 0;\n\t\t\t}\n\t\t\t\/* see gallery_shortcode() in wp-includes\/media.php *\/\n\t\t<\/style>\n\t\t<div id='gallery-3' class='gallery galleryid-2 gallery-columns-5 gallery-size-thumbnail'><dl class='gallery-item'>\n\t\t\t<dt class='gallery-icon portrait'>\n\t\t\t\t<a href=\"https:\/\/henrysandkuhle.com\/wp-content\/uploads\/henry-12-Pferde-Therapie-Henry-Sandkuhle.jpg\" title=\"henry-12-Pferde- Therapie Henry Sandkuhle\" data-description=\"\"><img loading=\"lazy\" decoding=\"async\" width=\"150\" height=\"150\" src=\"https:\/\/henrysandkuhle.com\/wp-content\/uploads\/henry-12-Pferde-Therapie-Henry-Sandkuhle-150x150.jpg\" class=\"attachment-thumbnail size-thumbnail\" alt=\"Pferde-Therapie Henry Sandkuhle\"><\/a>\n\t\t\t<\/dt><\/dl><dl class='gallery-item'>\n\t\t\t<dt class='gallery-icon portrait'>\n\t\t\t\t<a href=\"https:\/\/henrysandkuhle.com\/wp-content\/uploads\/henry-5-Pferde-Therapie-Henry-Sandkuhle.jpg\" title=\"henry-5-Pferde- Therapie Henry Sandkuhle\" data-description=\"\"><img loading=\"lazy\" decoding=\"async\" width=\"150\" height=\"150\" src=\"https:\/\/henrysandkuhle.com\/wp-content\/uploads\/henry-5-Pferde-Therapie-Henry-Sandkuhle-150x150.jpg\" class=\"attachment-thumbnail size-thumbnail\" alt=\"Pferde-Therapie Henry Sandkuhle\"><\/a>\n\t\t\t<\/dt><\/dl><dl class='gallery-item'>\n\t\t\t<dt class='gallery-icon portrait'>\n\t\t\t\t<a href=\"https:\/\/henrysandkuhle.com\/wp-content\/uploads\/henry-schimmel.jpg\" title=\"henry-schimmel Pferde-Therapie Henry Sandkuhle\" data-description=\"\"><img loading=\"lazy\" decoding=\"async\" width=\"150\" height=\"150\" src=\"https:\/\/henrysandkuhle.com\/wp-content\/uploads\/henry-schimmel-150x150.jpg\" class=\"attachment-thumbnail size-thumbnail\" alt=\"henry-schimmel Pferde-Therapie Henry Sandkuhle\"><\/a>\n\t\t\t<\/dt><\/dl><dl class='gallery-item'>\n\t\t\t<dt class='gallery-icon portrait'>\n\t\t\t\t<a href=\"https:\/\/henrysandkuhle.com\/wp-content\/uploads\/Pferde-genuss-pur-Therapie-Henry-Sandkuhle-1.jpg\" title=\"Pferde-genuss-pur-Therapie-Henry-Sandkuhle\" data-description=\"\"><img loading=\"lazy\" decoding=\"async\" width=\"150\" height=\"150\" src=\"https:\/\/henrysandkuhle.com\/wp-content\/uploads\/Pferde-genuss-pur-Therapie-Henry-Sandkuhle-1-150x150.jpg\" class=\"attachment-thumbnail size-thumbnail\" alt=\"Pferde-genuss-pur-Therapie-Henry-Sandkuhle\"><\/a>\n\t\t\t<\/dt><\/dl><dl class='gallery-item'>\n\t\t\t<dt class='gallery-icon landscape'>\n\t\t\t\t<a href=\"https:\/\/henrysandkuhle.com\/wp-content\/uploads\/Pferde-Therapie-Henry-Sandkuhle-Pferdetrainer-05.jpg\" title=\"Pferde-Therapie Henry Sandkuhle Pferdetrainer 05\" data-description=\"\"><img loading=\"lazy\" decoding=\"async\" width=\"150\" height=\"150\" src=\"https:\/\/henrysandkuhle.com\/wp-content\/uploads\/Pferde-Therapie-Henry-Sandkuhle-Pferdetrainer-05-150x150.jpg\" class=\"attachment-thumbnail size-thumbnail\" alt=\"Pferde-Therapie Henry Sandkuhle Pferdetrainer\"><\/a>\n\t\t\t<\/dt><\/dl><br style=\"clear: both\" \/><dl class='gallery-item'>\n\t\t\t<dt class='gallery-icon portrait'>\n\t\t\t\t<a href=\"https:\/\/henrysandkuhle.com\/wp-content\/uploads\/henry-18-Pferde-Therapie-Henry-Sandkuhle.jpg\" title=\"henry-18-Pferde- Therapie Henry Sandkuhle\" data-description=\"\"><img loading=\"lazy\" decoding=\"async\" width=\"150\" height=\"150\" src=\"https:\/\/henrysandkuhle.com\/wp-content\/uploads\/henry-18-Pferde-Therapie-Henry-Sandkuhle-150x150.jpg\" class=\"attachment-thumbnail size-thumbnail\" alt=\"Pferde-Therapie Henry Sandkuhle\"><\/a>\n\t\t\t<\/dt><\/dl><dl class='gallery-item'>\n\t\t\t<dt class='gallery-icon landscape'>\n\t\t\t\t<a href=\"https:\/\/henrysandkuhle.com\/wp-content\/uploads\/Pferde-Therapie-Henry-Sandkuhle-Pferdetrainer-03.jpg\" title=\"Pferde-Therapie Henry Sandkuhle Pferdetrainer 03\" data-description=\"\"><img loading=\"lazy\" decoding=\"async\" width=\"150\" height=\"150\" src=\"https:\/\/henrysandkuhle.com\/wp-content\/uploads\/Pferde-Therapie-Henry-Sandkuhle-Pferdetrainer-03-150x150.jpg\" class=\"attachment-thumbnail size-thumbnail\" alt=\"Pferde-Therapie Henry Sandkuhle Pferdetrainer\"><\/a>\n\t\t\t<\/dt><\/dl><dl class='gallery-item'>\n\t\t\t<dt class='gallery-icon landscape'>\n\t\t\t\t<a href=\"https:\/\/henrysandkuhle.com\/wp-content\/uploads\/Pferde-Therapie-Henry-Sandkuhle-Pferdetrainer-02.jpg\" title=\"Pferde-Therapie Henry Sandkuhle Pferdetrainer 02\" data-description=\"\"><img loading=\"lazy\" decoding=\"async\" width=\"150\" height=\"150\" src=\"https:\/\/henrysandkuhle.com\/wp-content\/uploads\/Pferde-Therapie-Henry-Sandkuhle-Pferdetrainer-02-150x150.jpg\" class=\"attachment-thumbnail size-thumbnail\" alt=\"Pferde-Therapie Henry Sandkuhle Pferdetrainer\"><\/a>\n\t\t\t<\/dt><\/dl><dl class='gallery-item'>\n\t\t\t<dt class='gallery-icon landscape'>\n\t\t\t\t<a href=\"https:\/\/henrysandkuhle.com\/wp-content\/uploads\/henry_lachend_pferdenase.jpg\" title=\"Pferdetherapeut Henry Sandkuhle\" data-description=\"\"><img loading=\"lazy\" decoding=\"async\" width=\"150\" height=\"150\" src=\"https:\/\/henrysandkuhle.com\/wp-content\/uploads\/henry_lachend_pferdenase-150x150.jpg\" class=\"attachment-thumbnail size-thumbnail\" alt=\"Pferdetherapeut Henry Sandkuhle\"><\/a>\n\t\t\t<\/dt><\/dl><dl class='gallery-item'>\n\t\t\t<dt class='gallery-icon portrait'>\n\t\t\t\t<a href=\"https:\/\/henrysandkuhle.com\/wp-content\/uploads\/tommy_und_fuchs.jpg\" title=\"tommy fuchs henry sandkuhle\" data-description=\"\"><img loading=\"lazy\" decoding=\"async\" width=\"150\" height=\"150\" src=\"https:\/\/henrysandkuhle.com\/wp-content\/uploads\/tommy_und_fuchs-150x150.jpg\" class=\"attachment-thumbnail size-thumbnail\" alt=\"Pferdetherapeut Henry Sandkuhle\"><\/a>\n\t\t\t<\/dt><\/dl><br style=\"clear: both\" \/>\n\t\t<\/div>\n\n<h4 style=\"text-align: center;\">YouTube Channel<\/h4>\n<p><a href=\"https:\/\/www.youtube.com\/channel\/UC9MKHGifIGvYYoL6VULof_Q\/videos\" target=\"_blank\" rel=\"noopener\"><img decoding=\"async\" src=\"\/wp-content\/uploads\/YouTube-Channel-Henry-Sandkuhle.jpg\" title=\"YouTube Channel Henry Sandkuhle\" alt=\"YouTube Channel Henry Sandkuhle\" class=\"size-medium\" width=\"auto\" height=\"\" \/><\/a><\/p>\n<p>&nbsp;<\/p>\n<p><center><br \/>\n<video width=\"60%\" height=\"auto\" title=\"Video\" autoplay=\"autoplay\" loop=\"loop\" muted=\"true\" controls=\"controls\" poster=\"\"><source src=\"\/video\/Henry-Sandkuhle-Planet-Wissen.mp4\" \/><\/video><\/center><a href=\"\/kontakt\/\" title=\"Kontakt\"><\/a>","protected":false},"excerpt":{"rendered":"<p>Henry Sandkuhle es un terapeuta equino internacional que ha trabajado con m\u00e1s de 1000 caballos. Dado que visita casi todos los caballos individualmente, probablemente solo hay pocas personas que han conocido tantos caballos en su entorno de forma tan intensiva como Henry. Entren\u00f3 caballos en salto y doma cl\u00e1sica hasta [&hellip;]<\/p>\n","protected":false},"author":1,"featured_media":0,"parent":0,"menu_order":0,"comment_status":"closed","ping_status":"closed","template":"","meta":{"footnotes":""},"class_list":["post-2","page","type-page","status-publish","hentry","gallery-content-unit"],"aioseo_notices":[],"_links":{"self":[{"href":"https:\/\/henrysandkuhle.com\/es\/wp-json\/wp\/v2\/pages\/2","targetHints":{"allow":["GET"]}}],"collection":[{"href":"https:\/\/henrysandkuhle.com\/es\/wp-json\/wp\/v2\/pages"}],"about":[{"href":"https:\/\/henrysandkuhle.com\/es\/wp-json\/wp\/v2\/types\/page"}],"author":[{"embeddable":true,"href":"https:\/\/henrysandkuhle.com\/es\/wp-json\/wp\/v2\/users\/1"}],"replies":[{"embeddable":true,"href":"https:\/\/henrysandkuhle.com\/es\/wp-json\/wp\/v2\/comments?post=2"}],"version-history":[{"count":0,"href":"https:\/\/henrysandkuhle.com\/es\/wp-json\/wp\/v2\/pages\/2\/revisions"}],"wp:attachment":[{"href":"https:\/\/henrysandkuhle.com\/es\/wp-json\/wp\/v2\/media?parent=2"}],"curies":[{"name":"wp","href":"https:\/\/api.w.org\/{rel}","templated":true}]}}