{"id":20,"date":"2025-03-02T08:35:54","date_gmt":"2025-03-02T07:35:54","guid":{"rendered":"https:\/\/henrysandkuhle.de\/?page_id=20"},"modified":"2025-03-08T16:47:00","modified_gmt":"2025-03-08T15:47:00","slug":"impressum","status":"publish","type":"page","link":"https:\/\/henrysandkuhle.com\/es\/impressum\/","title":{"rendered":"Impreso"},"content":{"rendered":"Identificaci\u00f3n del proveedor: Domicilio social y direcci\u00f3n<\/p>\n<p>HENRY SANDKUHLE<br \/>\nKlosterstra\u00dfe 58<br \/>\n48599 Gronau-Epe<br \/>\nRep\u00fablica Federal de Alemania<\/p>\n<p>Telefono:<br \/>\n+49 (0)157 3937 1452<br \/>\n<div class=\"su-row\"><div class=\"su-column su-column-size-1-1\"><div class=\"su-column-inner su-u-clearfix su-u-trim\">\n<p>Correo electr\u00f3nico:<br \/>\n<a href=\"&#x6d;&#x61;&#x69;&#x6c;&#116;&#111;&#58;&#105;nfo&#x40;&#x68;&#x65;&#x6e;&#x72;&#121;&#115;&#97;ndk&#x75;&#x68;&#x6c;&#x65;&#x2e;&#99;&#111;&#109;\"><i class=\"fa fa-fw fa-envelope fa-lg\"><\/i>info&#64;h&#101;&#110;&#114;&#121;&#115;&#97;&#110;&#x64;&#x6b;&#x75;&#x68;&#x6c;&#x65;&#x2e;&#x63;&#x6f;&#x6d;<\/a><\/p>\n<p>Informaci\u00f3n del proveedor:<br \/>\nidentificaci\u00f3n del proveedor de acuerdo con el \u00a7 5 de la Ley de Telemedios (TMG) und 55 (RStV): Henry Sandkuhle &#8211; Tel\u00e9fono: +49) 0157 3937 1452 &#8211; eMail:&#x69;&#x6e;&#x66;&#x6f;&#x40;&#104;&#101;&#110;&#114;ysa&#x6e;&#x64;&#x6b;&#x75;&#x68;&#x6c;&#101;&#46;&#99;om<br \/>\n<\/div><\/div><\/div>\n<p>Informaci\u00f3n obligatoria seg\u00fan la Ley de Comercio Electr\u00f3nico (EGG) und \u00a7 6 de la ley de teleservicios (TDG). \u00a7 5 deberes de informaci\u00f3n general el objeto social de la empresa es el negocio de servicios \u00a7 6 Abs.2 MDStV (\u00a755 Abs.2 RStV): Henry Sandkuhle.<br \/>\nN\u00famero de identificaci\u00f3n del impuesto a las ventas de acuerdo con la Ley de Impuestos de Ventas de la \u00a727A Alemania: DE49907586327<\/p>\n<p>Url:<br \/>\nwww.henrysandkuhle.com<br \/>\nwww.henrysandkuhle.de<\/p>\n<blockquote><p>esta impresi\u00f3n tambi\u00e9n se aplica a las cuentas respectivas: Google # <a href=\"https:\/\/www.facebook.com\/pages\/category\/Horse-Trainer\/Henry-Sandkuhle-101106678547658\/\" rel=\"noopener\" target=\"_blank\">Facebook<\/a> # <a href=\"https:\/\/www.youtube.com\/channel\/UC9MKHGifIGvYYoL6VULof_Q\/videos\" rel=\"noopener\" target=\"_blank\">YouTube<\/a> # RSS-Feed <\/p><\/blockquote>\n<p>soporte tecnico del sitio: <a href=\"https:\/\/www.webmaker1.de\" title=\"webmaker1.de\" rel=\"noopener\" target=\"_blank\">https:\/\/www.webmaker1.de<\/a><\/p>\n<p>Responsabilidad por contenido: Como proveedor de servicios, somos responsables seg\u00fan el \u00a7 7 ABS.1 TMG para su propio contenido en estas p\u00e1ginas de acuerdo con las leyes generales. Sin embargo, de acuerdo con el \u00a7 8 a 10 TMG, no estamos obligados a un proveedor de servicios para monitorear la informaci\u00f3n extranjera transmitida o almacenada o a las circunstancias de investigaci\u00f3n que indiquen la actividad ilegal. Las obligaciones para la eliminaci\u00f3n o el bloqueo del uso de la informaci\u00f3n de acuerdo con las leyes generales no se ven afectadas. Sin embargo, la responsabilidad solo es posible a partir de la fecha del conocimiento de una infracci\u00f3n concreta. En el caso de una divulgaci\u00f3n de infracciones correspondientes, eliminaremos este contenido de inmediato.<\/p>\n<p>Descargo de responsabilidad: A pesar del cuidadoso control de contenido, no asumimos ninguna responsabilidad por el contenido de los enlaces externos. El contenido de las p\u00e1ginas vinculadas es el \u00fanico responsable de sus operadores. Se ofrecen enlaces a sitios web de terceros en este sitio web como un servicio o sugerencia. Para los contenidos, que est\u00e1 vinculado, los proveedores de las p\u00e1ginas web respectivas son responsables. No aprobamos el tercer contenido, ni debe una conexi\u00f3n entre nosotros y este contenido que se fabrica al enlazar.<\/p>\n<p>Descargo de responsabilidad: No se puede garantizar ninguna garant\u00eda de que toda la informaci\u00f3n en cualquier momento sea completamente, correcta y relevante reciente. Todos los nombres de productos y nombres y logotipos enumerados en este sitio web son marcas registradas y propiedad de los respectivos titulares de derechos.<\/p>\n<p><a href=\"\/kontakt\/\" title=\"Kontakt\"><\/a>","protected":false},"excerpt":{"rendered":"<p>Identificaci\u00f3n del proveedor: Domicilio social y direcci\u00f3n HENRY SANDKUHLE Klosterstra\u00dfe 58 48599 Gronau-Epe Rep\u00fablica Federal de Alemania Telefono: +49 (0)157 3937 1452 Informaci\u00f3n obligatoria seg\u00fan la Ley de Comercio Electr\u00f3nico (EGG) und \u00a7 6 de la ley de teleservicios (TDG). \u00a7 5 deberes de informaci\u00f3n general el objeto social de [&hellip;]<\/p>\n","protected":false},"author":1,"featured_media":0,"parent":0,"menu_order":3,"comment_status":"closed","ping_status":"closed","template":"","meta":{"footnotes":""},"class_list":["post-20","page","type-page","status-publish","hentry","gallery-content-unit"],"aioseo_notices":[],"_links":{"self":[{"href":"https:\/\/henrysandkuhle.com\/es\/wp-json\/wp\/v2\/pages\/20","targetHints":{"allow":["GET"]}}],"collection":[{"href":"https:\/\/henrysandkuhle.com\/es\/wp-json\/wp\/v2\/pages"}],"about":[{"href":"https:\/\/henrysandkuhle.com\/es\/wp-json\/wp\/v2\/types\/page"}],"author":[{"embeddable":true,"href":"https:\/\/henrysandkuhle.com\/es\/wp-json\/wp\/v2\/users\/1"}],"replies":[{"embeddable":true,"href":"https:\/\/henrysandkuhle.com\/es\/wp-json\/wp\/v2\/comments?post=20"}],"version-history":[{"count":0,"href":"https:\/\/henrysandkuhle.com\/es\/wp-json\/wp\/v2\/pages\/20\/revisions"}],"wp:attachment":[{"href":"https:\/\/henrysandkuhle.com\/es\/wp-json\/wp\/v2\/media?parent=20"}],"curies":[{"name":"wp","href":"https:\/\/api.w.org\/{rel}","templated":true}]}}