{"id":286,"date":"2025-03-02T08:40:38","date_gmt":"2025-03-02T07:40:38","guid":{"rendered":"https:\/\/henrysandkuhle.de\/?page_id=286"},"modified":"2025-03-08T16:47:14","modified_gmt":"2025-03-08T15:47:14","slug":"hyperlinks","status":"publish","type":"page","link":"https:\/\/henrysandkuhle.com\/es\/hyperlinks\/","title":{"rendered":"Hiperv\u00ednculos"},"content":{"rendered":"<center><br \/>\n\t<a href=\"https:\/\/www.fernsehserien.de\/planet-wissen\/folgen\/114-das-geheimnis-der-pferdesprache-689698\" title=\"das-geheimnis-der-pferdesprache\" rel=\"noopener\" target=\"_blank\">fernsehserien.de<\/a><br \/>\n\t<a href=\"https:\/\/www.rtl.de\/videos\/wallach-fernando-ist-ganz-schoen-bockig-60ddac42e62adb77170e1ad2.html\" title=\"wallach-fernando\" rel=\"noopener\" target=\"_blank\">rtl.de\/videos\/<\/a><br \/>\n\t<a href=\"https:\/\/www.youtube.com\/channel\/UC9MKHGifIGvYYoL6VULof_Q\/videos\" title=\"youtube videos\" rel=\"noopener\" target=\"_blank\">youtube.com\/channel\/videos<\/a><br \/>\n\t<a href=\"http:\/\/www.julianeumeister.com\/wegbereiter-intensivseminar\/\" rel=\"noopener\" target=\"_blank\">wegbereiter-intensivseminar\/<\/a><br \/>\n\t<a href=\"https:\/\/www.pferd.de\/threads\/641513-pferdetransport-spanien-mallorca\" rel=\"noopener\" target=\"_blank\">pferd.de\/spanien-mallorca<\/a><br \/>\n\t<a href=\"https:\/\/www.mein-pferd.de\/pferdehaltung\/pferdewelt\/tv-geheimnis-der-pferdesprache__trashed\/\" rel=\"noopener\" target=\"_blank\">mein-pferd.de<\/a><br \/>\n\t<a href=\"https:\/\/www.google.com\/search?b-d&#038;q=Henry+Sandkuhle\" rel=\"noopener\" target=\"_blank\">google\/search\/Henry+Sandkuhle<\/a><br \/>\n\t<a href=\"https:\/\/www.instagram.com\/henry.sandkuhle\/\" rel=\"noopener\" target=\"_blank\">Instagram \/henry.sandkuhle<\/a><br \/>\n<\/center><\/p>\n<p>Cualquiera que tome en Henry Sandkuhle a Ca&#8217;n Paulino en Llucmajor Las lecciones aprenden a montar sin ejercer presi\u00f3n sobre el caballo. \u00abLa hora comienza con el yoga de donde modific\u00e9 los ejercicios y sintonizados para montar\u00bb. El jinete obtiene una mejor conciencia corporal y, posteriormente, dirige el caballo con se\u00f1ales finas, sin bridle y silla de montar. Debido a la gentileza y la voluntar\u00eda son los requisitos previos para una comunicaci\u00f3n exitosa entre el caballo y el jinete de Henry Sandkuhle. <a href=\"https:\/\/www.mallorcazeitung.es\/service\/2009\/11\/19\/reitstaelle-auf-mallorca-54198323.html\" title=\"mallorcazeitung.es\" rel=\"noopener\" target=\"_blank\">mallorcazeitung.es<\/a><\/p>\n<p><center><\/p>\n<div id=\"fb-root\"><\/div>\n<p><script async defer crossorigin=\"anonymous\" src=\"https:\/\/connect.facebook.net\/de_DE\/sdk.js#xfbml=1&#038;version=v13.0\" nonce=\"ZTKhDALV\"><\/script><\/p>\n<div class=\"fb-page\" data-href=\"https:\/\/www.facebook.com\/pages\/category\/Horse-Trainer\/Henry-Sandkuhle-101106678547658\/\" data-tabs=\"timeline\" data-width=\"500\" data-height=\"500\" data-small-header=\"true\" data-adapt-container-width=\"true\" data-hide-cover=\"false\" data-show-facepile=\"false\">\n<blockquote cite=\"https:\/\/www.facebook.com\/pages\/category\/Horse-Trainer\/Henry-Sandkuhle-101106678547658\/\" class=\"fb-xfbml-parse-ignore\"><p><a href=\"https:\/\/www.facebook.com\/pages\/category\/Horse-Trainer\/Henry-Sandkuhle-101106678547658\/\">Henry Sandkuhle<\/a><\/p><\/blockquote>\n<\/div>\n<p><\/center><\/p>\n<hr>\n<div align=\"center\">\nLe ofrecemos el servicio completo alrededor de su <a title=\"Profi Webdesigner- wir entwickeln und bauen Ihre Webseite!\" href=\"https:\/\/www.webmaker1.de\" target=\"_blank\" rel=\"noopener noreferrer\">#Website<\/a><br \/>\n<a title=\"SEO ranking expert and web designer - we develop and build your website!\" href=\"https:\/\/www.webmaker1.de\/\" target=\"_blank\" rel=\"noopener noreferrer\"><img decoding=\"async\" src=\"https:\/\/www.webmaker1.de\/webmaker1-logo700_1.jpg\" alt=\"Find website faster\" width=\"600\" height=\"\" border=\"0\" \/><\/a><br \/>\n#<a title=\"Webhosting UD-Media Provider\" href=\"https:\/\/www.udmedia.de\/webhosting\/r17413\" target=\"_blank\" rel=\"noopener noreferrer\">Webhosting<\/a> #<a title=\"Domains UD-Media Hosting Provider\" href=\"https:\/\/www.udmedia.de\/domains\/r17413\" target=\"_blank\" rel=\"noopener noreferrer\">Domain<\/a> #<a title=\"Server UD-Media Hosting Provider\" href=\"https:\/\/www.udmedia.de\/server\/r17413\" target=\"_blank\" rel=\"noopener noreferrer\">Server<\/a>\n<\/div>","protected":false},"excerpt":{"rendered":"<p>fernsehserien.de rtl.de\/videos\/ youtube.com\/channel\/videos wegbereiter-intensivseminar\/ pferd.de\/spanien-mallorca mein-pferd.de google\/search\/Henry+Sandkuhle Instagram \/henry.sandkuhle Cualquiera que tome en Henry Sandkuhle a Ca&#8217;n Paulino en Llucmajor Las lecciones aprenden a montar sin ejercer presi\u00f3n sobre el caballo. \u00abLa hora comienza con el yoga de donde modific\u00e9 los ejercicios y sintonizados para montar\u00bb. El jinete obtiene una [&hellip;]<\/p>\n","protected":false},"author":1,"featured_media":0,"parent":0,"menu_order":5,"comment_status":"closed","ping_status":"closed","template":"","meta":{"footnotes":""},"class_list":["post-286","page","type-page","status-publish","hentry","gallery-content-unit"],"aioseo_notices":[],"_links":{"self":[{"href":"https:\/\/henrysandkuhle.com\/es\/wp-json\/wp\/v2\/pages\/286","targetHints":{"allow":["GET"]}}],"collection":[{"href":"https:\/\/henrysandkuhle.com\/es\/wp-json\/wp\/v2\/pages"}],"about":[{"href":"https:\/\/henrysandkuhle.com\/es\/wp-json\/wp\/v2\/types\/page"}],"author":[{"embeddable":true,"href":"https:\/\/henrysandkuhle.com\/es\/wp-json\/wp\/v2\/users\/1"}],"replies":[{"embeddable":true,"href":"https:\/\/henrysandkuhle.com\/es\/wp-json\/wp\/v2\/comments?post=286"}],"version-history":[{"count":0,"href":"https:\/\/henrysandkuhle.com\/es\/wp-json\/wp\/v2\/pages\/286\/revisions"}],"wp:attachment":[{"href":"https:\/\/henrysandkuhle.com\/es\/wp-json\/wp\/v2\/media?parent=286"}],"curies":[{"name":"wp","href":"https:\/\/api.w.org\/{rel}","templated":true}]}}