{"id":454,"date":"2025-03-02T08:25:29","date_gmt":"2025-03-02T07:25:29","guid":{"rendered":"https:\/\/henrysandkuhle.com\/?page_id=454"},"modified":"2025-03-08T16:47:21","modified_gmt":"2025-03-08T15:47:21","slug":"disclaimer","status":"publish","type":"page","link":"https:\/\/henrysandkuhle.com\/es\/disclaimer\/","title":{"rendered":"Renuncia"},"content":{"rendered":"Descargo de responsabilidad legal Contenido de la oferta en l\u00ednea:<\/p>\n<div class=\"su-accordion su-u-trim\"><div class=\"su-spoiler su-spoiler-style-fancy su-spoiler-icon-chevron su-spoiler-closed\" data-scroll-offset=\"0\" data-anchor-in-url=\"no\"><div class=\"su-spoiler-title\" tabindex=\"0\" role=\"button\"><span class=\"su-spoiler-icon\"><\/span>informaci\u00f3n de alta calidad<\/div><div class=\"su-spoiler-content su-u-clearfix su-u-trim\">\nSiempre nos esforzamos por proporcionar informaci\u00f3n de alta calidad. Sin embargo, no asumimos ninguna responsabilidad por la actualidad, exactitud, integridad, calidad o disponibilidad de la informaci\u00f3n proporcionada. Se excluyen las reclamaciones de responsabilidad contra los operadores del sitio web, que se refieren a la naturaleza material o inmaterial, que fueron causadas por el uso o desuso de la informaci\u00f3n proporcionada o por el uso de informaci\u00f3n incorrecta e incompleta, a menos que el operador demuestre una falta intencional o gravemente negligente . Todas las ofertas son sin compromiso. Nos reservamos expresamente el derecho de cambiar, complementar o eliminar partes de las p\u00e1ginas o la oferta completa sin previo aviso o para detener la publicaci\u00f3n temporal o permanentemente.<br \/>\n<\/div><\/div>\n<div class=\"su-spoiler su-spoiler-style-fancy su-spoiler-icon-chevron su-spoiler-closed\" data-scroll-offset=\"0\" data-anchor-in-url=\"no\"><div class=\"su-spoiler-title\" tabindex=\"0\" role=\"button\"><span class=\"su-spoiler-icon\"><\/span>Referencias y enlaces<\/div><div class=\"su-spoiler-content su-u-clearfix su-u-trim\">\nSi la referencia se dirige directa o indirectamente a enlaces que est\u00e1n m\u00e1s all\u00e1 de la responsabilidad del operador, este \u00faltimo solo es responsable si conoc\u00eda el contenido y si ser\u00eda t\u00e9cnicamente posible y razonable evitar su uso en el caso de contenido ilegal. Por la presente declaramos expresamente que en el momento de la configuraci\u00f3n del enlace no se reconoc\u00eda contenido ilegal en las p\u00e1ginas enlazadas. El autor no tiene influencia en el dise\u00f1o actual y futuro, el contenido o la autor\u00eda de las p\u00e1ginas enlazadas. Para contenidos adicionales y en particular por da\u00f1os resultantes del uso o desuso de dicha informaci\u00f3n, el proveedor de estas p\u00e1ginas es responsable, no el que vincula a la publicaci\u00f3n respectiva. Esta restricci\u00f3n se aplica igualmente a entradas extranjeras en libros de visitas y foros. Utilizamos enlaces solo para dar a nuestros visitantes la oportunidad de obtener m\u00e1s informaci\u00f3n. Sin embargo, un enlace no significa que recomendamos las p\u00e1ginas correspondientes o que adoptemos los contenidos. Fuente de imagen Facebook.<br \/>\n<\/div><\/div>\n<div class=\"su-spoiler su-spoiler-style-fancy su-spoiler-icon-chevron su-spoiler-closed\" data-scroll-offset=\"0\" data-anchor-in-url=\"no\"><div class=\"su-spoiler-title\" tabindex=\"0\" role=\"button\"><span class=\"su-spoiler-icon\"><\/span>Validez legal del descargo de responsabilidad<\/div><div class=\"su-spoiler-content su-u-clearfix su-u-trim\">\nEste descargo de responsabilidad es parte de nuestro sitio web, al que se ha hecho referencia. Si las partes o formulaciones del texto no deben, ya no corresponden o no corresponden por completo a la situaci\u00f3n legal v\u00e1lida, las partes restantes del documento no se ver\u00e1n afectadas en su contenido y su validez.<br \/>\n<\/div><\/div>\n<div class=\"su-spoiler su-spoiler-style-fancy su-spoiler-icon-chevron su-spoiler-closed\" data-scroll-offset=\"0\" data-anchor-in-url=\"no\"><div class=\"su-spoiler-title\" tabindex=\"0\" role=\"button\"><span class=\"su-spoiler-icon\"><\/span>Toda la informaci\u00f3n y explicaciones en este sitio web no son vinculantes.<\/div><div class=\"su-spoiler-content su-u-clearfix su-u-trim\">\nEl operador no asume ninguna responsabilidad por la precisi\u00f3n e integridad del contenido. No hay garant\u00eda ni garant\u00eda de las caracter\u00edsticas del producto. Del contenido de las p\u00e1ginas web no hay reclamos legales. Los errores en el contenido se corrigen inmediatamente despu\u00e9s de la notificaci\u00f3n. El contenido de las p\u00e1ginas de Internet no puede actualizarse permanentemente debido a actualizaciones con retraso de tiempo. Preg\u00fantenos por el estado, los detalles t\u00e9cnicos y la disponibilidad de nuestros productos y servicios. Los enlaces a otros sitios web no se controlan continuamente. Por lo tanto, no asumimos ninguna responsabilidad por el contenido de las p\u00e1ginas enlazadas.<br \/>\n<\/div><\/div>\n<div class=\"su-spoiler su-spoiler-style-fancy su-spoiler-icon-chevron su-spoiler-closed\" data-scroll-offset=\"0\" data-anchor-in-url=\"no\"><div class=\"su-spoiler-title\" tabindex=\"0\" role=\"button\"><span class=\"su-spoiler-icon\"><\/span>Copyright y otros derechos especiales de protecci\u00f3n<\/div><div class=\"su-spoiler-content su-u-clearfix su-u-trim\">\nEl contenido de este sitio web est\u00e1 protegido por derechos de autor. Se puede almacenar una copia de la informaci\u00f3n del sitio web en una sola computadora para uso interno no comercial y personal. Los gr\u00e1ficos, textos, logotipos, im\u00e1genes, etc. solo pueden descargarse, reproducirse, copiarse, modificarse, publicarse, enviarse, transmitirse o utilizarse de cualquier otra forma con el permiso por escrito del operador. Los nombres de productos y compa\u00f1\u00edas mencionados pueden ser marcas registradas o marcas comerciales. El uso no autorizado puede dar lugar a reclamaciones por da\u00f1os y perjuicios.<br \/>\n<\/div><\/div>\n<div class=\"su-spoiler su-spoiler-style-fancy su-spoiler-icon-chevron su-spoiler-closed\" data-scroll-offset=\"0\" data-anchor-in-url=\"no\"><div class=\"su-spoiler-title\" tabindex=\"0\" role=\"button\"><span class=\"su-spoiler-icon\"><\/span>responsabilidad por da\u00f1os, en particular no por directa o indirecta<\/div><div class=\"su-spoiler-content su-u-clearfix su-u-trim\">\nEl operador no es responsable de los da\u00f1os, en particular, no los da\u00f1os consecuenciales directos o indirectos, p\u00e9rdida de datos, p\u00e9rdida de beneficios, el sistema de producci\u00f3n o aver\u00edas que resulten del uso de este sitio web o la descarga de datos. Si hay negligencia o intenci\u00f3n bruto en el caso de da\u00f1os resultantes de la utilizaci\u00f3n de la p\u00e1gina web o la descarga de datos, no se aplica la exenci\u00f3n de responsabilidad. La relaci\u00f3n legal entre usted y el operador resultante del uso de las p\u00e1ginas de Internet est\u00e1 sujeta a la ley de la Rep\u00fablica Federal de Alemania. En disputas legales con comerciantes registrados, como resultado del uso de este sitio web, el lugar de jurisdicci\u00f3n y sede se encuentra en Espa\u00f1a.<br \/>\n<\/div><\/div>\n<div class=\"su-spoiler su-spoiler-style-fancy su-spoiler-icon-chevron su-spoiler-closed\" data-scroll-offset=\"0\" data-anchor-in-url=\"no\"><div class=\"su-spoiler-title\" tabindex=\"0\" role=\"button\"><span class=\"su-spoiler-icon\"><\/span>proteger sus datos en servidores especialmente protegidos<\/div><div class=\"su-spoiler-content su-u-clearfix su-u-trim\">\nEl operador almacena sus datos en servidores especialmente protegidos en Alemania.<br \/>\nEl acceso solo es posible para unas pocas personas autorizadas por el operador que son responsables del soporte t\u00e9cnico, comercial o editorial de estos servidores.<br \/>\n<\/div><\/div>\n<div class=\"su-spoiler su-spoiler-style-fancy su-spoiler-icon-chevron su-spoiler-closed\" data-scroll-offset=\"0\" data-anchor-in-url=\"no\"><div class=\"su-spoiler-title\" tabindex=\"0\" role=\"button\"><span class=\"su-spoiler-icon\"><\/span>Protecci\u00f3n de datos personales y confidencialidad.<\/div><div class=\"su-spoiler-content su-u-clearfix su-u-trim\">\nProtecci\u00f3n de datos personales y confidencialidad.<br \/>\nNo se puede garantizar que ninguna informaci\u00f3n o informaci\u00f3n personal que se nos transmita no sea \u00abinterceptada\u00bb por terceros durante la transmisi\u00f3n.<br \/>\n<\/div><\/div>\n<div class=\"su-spoiler su-spoiler-style-fancy su-spoiler-icon-chevron su-spoiler-closed\" data-scroll-offset=\"0\" data-anchor-in-url=\"no\"><div class=\"su-spoiler-title\" tabindex=\"0\" role=\"button\"><span class=\"su-spoiler-icon\"><\/span>Derecho a retirada<\/div><div class=\"su-spoiler-content su-u-clearfix su-u-trim\">\nSi le pide al operador que no use y \/ o elimine sus datos personales para un contacto adicional, el procedimiento se seguir\u00e1 en consecuencia. Los datos que son absolutamente necesarios para el procesamiento de un pedido o para fines comerciales no se ven afectados por una cancelaci\u00f3n o eliminaci\u00f3n. Tenga en cuenta que, en caso de cancelaci\u00f3n del servicio personalizado, ya no se puede proporcionar porque se basa en el uso de datos del cliente.<br \/>\n<\/div><\/div>\n<div class=\"su-spoiler su-spoiler-style-fancy su-spoiler-icon-chevron su-spoiler-closed\" data-scroll-offset=\"0\" data-anchor-in-url=\"no\"><div class=\"su-spoiler-title\" tabindex=\"0\" role=\"button\"><span class=\"su-spoiler-icon\"><\/span>Uso de cookies<\/div><div class=\"su-spoiler-content su-u-clearfix su-u-trim\">\nUso de cookies <a href=\"\/cookie-policy\/\"> &#8230; Cookie Policies <\/a><br \/>\nEn las cookies, la informaci\u00f3n de texto se recopila durante una sesi\u00f3n en l\u00ednea y se almacena en un archivo especial en formato ASCII (cookie.txt) en el disco duro del usuario. Donde la cookie se almacena en el usuario controla el navegador WWW del usuario. Las cookies son informaci\u00f3n que se devolver\u00e1 al servidor en la pr\u00f3xima visita en l\u00ednea. Solo pueden ser le\u00eddos por el servidor que los almacen\u00f3 previamente.<br \/>\nEl operador utiliza cookies solo si se requieren con urgencia para las funciones del usuario o si facilitan la navegaci\u00f3n de los sitios web. La informaci\u00f3n no se proporciona a ning\u00fan tercero, ya que las cookies son solo para el o.g. Los prop\u00f3sitos son utilizados. La mayor\u00eda de los navegadores est\u00e1n configurados para aceptar cookies autom\u00e1ticamente. Sin embargo, esta funci\u00f3n siempre se puede desactivar en el navegador. Puede configurar su navegador para que le avise cuando se env\u00eden cookies.<br \/>\n<\/div><\/div>\n<div class=\"su-spoiler su-spoiler-style-fancy su-spoiler-icon-chevron su-spoiler-closed\" data-scroll-offset=\"0\" data-anchor-in-url=\"no\"><div class=\"su-spoiler-title\" tabindex=\"0\" role=\"button\"><span class=\"su-spoiler-icon\"><\/span>Enlaces a otros sitios web<\/div><div class=\"su-spoiler-content su-u-clearfix su-u-trim\">\nLos sitios web pueden contener enlaces a otros sitios web.<br \/>\nEl operador no tiene influencia en el contenido editorial de sitios web externos y que sus operadores cumplan con las normas de protecci\u00f3n de datos.<\/div><\/div>\n<div class=\"su-spoiler su-spoiler-style-fancy su-spoiler-icon-chevron su-spoiler-closed\" data-scroll-offset=\"0\" data-anchor-in-url=\"no\"><div class=\"su-spoiler-title\" tabindex=\"0\" role=\"button\"><span class=\"su-spoiler-icon\"><\/span>Pol\u00edtica de privacidad para el uso de Google Analytics<\/div><div class=\"su-spoiler-content su-u-clearfix su-u-trim\">\nEste sitio web utiliza Google Analytics, un servicio de an\u00e1lisis web proporcionado por Google Inc. (Google). Google Analytics utiliza las llamadas \u00abcookies\u00bb, archivos de texto que se almacenan en su computadora y que le permiten analizar el uso que usted hace del sitio web. La informaci\u00f3n generada por la cookie sobre su uso de este sitio web generalmente se transmite a un servidor de Google en los EE. UU. Y se almacena all\u00ed. Sin embargo, si se activa la anonimizaci\u00f3n de IP en este sitio web, Google truncar\u00e1 su direcci\u00f3n IP de antemano dentro de los estados miembros de la Uni\u00f3n Europea o en otros estados contratantes del Acuerdo sobre el Espacio Econ\u00f3mico Europeo. Solo en casos excepcionales se enviar\u00e1 la direcci\u00f3n IP completa a un servidor de Google en los EE. UU. Y se acortar\u00e1 all\u00ed. En nombre del operador de este sitio web, Google utilizar\u00e1 esta informaci\u00f3n para evaluar su uso del sitio web, para compilar informes sobre la actividad del sitio web y para proporcionar otros servicios relacionados con la actividad del sitio web y el uso de Internet al operador del sitio web. La direcci\u00f3n IP proporcionada por Google Analytics en el marco de Google Analytics no se fusionar\u00e1 con otros datos proporcionados por Google. Puede evitar el almacenamiento de cookies mediante la configuraci\u00f3n correspondiente del software de su navegador; sin embargo, se\u00f1alamos que en este caso es posible que no pueda utilizar todas las funciones de este sitio web en su totalidad. Adem\u00e1s, es posible evitar la acumulaci\u00f3n por parte de Google de los datos generados por la cookie y relacionados con su uso del sitio web (incluyendo su direcci\u00f3n IP) y el tratamiento de estos datos por parte de Google mediante la descarga del plug-in de navegador disponible bajo la siguiente enlace e instalaci\u00f3n: <a href=\"https:\/\/tools.google.com\/dlpage\/gaoptout?hl=en\" target=\"_blank\" rel=\"noopener noreferrer\">https:\/\/tools.google.com\/dlpage\/gaoptout?hl=en<\/a>.<br \/>\n<\/div><\/div>\n<\/div>","protected":false},"excerpt":{"rendered":"<p>Descargo de responsabilidad legal Contenido de la oferta en l\u00ednea:<\/p>\n","protected":false},"author":1,"featured_media":0,"parent":0,"menu_order":6,"comment_status":"closed","ping_status":"closed","template":"","meta":{"footnotes":""},"class_list":["post-454","page","type-page","status-publish","hentry","gallery-content-unit"],"aioseo_notices":[],"_links":{"self":[{"href":"https:\/\/henrysandkuhle.com\/es\/wp-json\/wp\/v2\/pages\/454","targetHints":{"allow":["GET"]}}],"collection":[{"href":"https:\/\/henrysandkuhle.com\/es\/wp-json\/wp\/v2\/pages"}],"about":[{"href":"https:\/\/henrysandkuhle.com\/es\/wp-json\/wp\/v2\/types\/page"}],"author":[{"embeddable":true,"href":"https:\/\/henrysandkuhle.com\/es\/wp-json\/wp\/v2\/users\/1"}],"replies":[{"embeddable":true,"href":"https:\/\/henrysandkuhle.com\/es\/wp-json\/wp\/v2\/comments?post=454"}],"version-history":[{"count":0,"href":"https:\/\/henrysandkuhle.com\/es\/wp-json\/wp\/v2\/pages\/454\/revisions"}],"wp:attachment":[{"href":"https:\/\/henrysandkuhle.com\/es\/wp-json\/wp\/v2\/media?parent=454"}],"curies":[{"name":"wp","href":"https:\/\/api.w.org\/{rel}","templated":true}]}}